{"id":455,"date":"2018-06-26T14:44:15","date_gmt":"2018-06-26T12:44:15","guid":{"rendered":"http:\/\/webposible.com\/xposible\/?page_id=455"},"modified":"2020-02-13T16:40:41","modified_gmt":"2020-02-13T14:40:41","slug":"privacidad","status":"publish","type":"page","link":"http:\/\/webposible.com\/xposible\/privacidad\/","title":{"rendered":"Privacidad"},"content":{"rendered":"<h2>\u00bfQui\u00e9n soy?<\/h2>\n<p>Soy Gonzalo, y la direcci\u00f3n de este <span lang=\"en\">blog<\/span> es: <a href=\"http:\/\/webposible.com\/xposible\">http:\/\/webposible.com\/xposible<\/a>.<\/p>\n<h2>Qu\u00e9 informaci\u00f3n personal se recoge y por qu\u00e9<\/h2>\n<h3>Comentarios<\/h3>\n<p>Si alguien deja un comentario, queda constancia de su direcci\u00f3n <abbr title=\"Internet Protocol\" lang=\"en\">IP<\/abbr> y el agente de usuario del navegador usado en ese momento. Se usan para evitar <span lang=\"en\">spam<\/span>.<\/p>\n<h2>\u00bfCon qui\u00e9n se comparten los datos?<\/h2>\n<p>Con nadie. Nunca.<\/p>\n<h2>\u00bfCu\u00e1nto tiempo se almacena tu informaci\u00f3n?<\/h2>\n<p>Si has dejado un comentario, la informaci\u00f3n utilizada (nombre o <span lang=\"en\">nick<\/span>, correo electr\u00f3nico, enlace web,direcci\u00f3n <abbr title=\"Internet Protocol\" lang=\"en\">IP<\/abbr>, navegador) ser\u00e1 almacenada de forma indefinida, aunque s\u00f3lo ser\u00e1 p\u00fablico tu nombre o <span lang=\"en\">nick<\/span> y el enlace web.<\/p>\n<h2>\u00bfQu\u00e9 derechos tengo sobre mis datos?<\/h2>\n<p>Si has dejado un comentario, puedes solicitar aqu\u00ed un fichero con la informaci\u00f3n personal que se almacena sobre ti. Tambi\u00e9n puedes solicitar que se borre cualquier dato personal sobre ti. No se incluye ning\u00fan dato que sea obligado custodiar por motivos administrativos, legales o de seguridad.<\/p>\n<h2>\u00bfD\u00f3nde enviamos tus datos?<\/h2>\n<p>S\u00f3lo se utilizan los comentarios para detectar spam mediante un servicio automatizado.<\/p>\n<h2>Informaci\u00f3n de contacto<\/h2>\n<p>Tienes a tu disposici\u00f3n la p\u00e1gina de <a href=\"http:\/\/webposible.com\/autor.html\">contacto<\/a>.<\/p>\n<h2>Informaci\u00f3n adicional<\/h2>\n<h3>\u00bfC\u00f3mo protegemos tus datos?<\/h3>\n<p>Los pocos datos almacenados, se gestionan mediante el gestor de contenidos wordpress y los <span lang=\"en\">pluggins Akismet Anti-Spam<\/span> (para evitar <span lang=\"en\">spam<\/span>) y <span lang=\"en\">WordPress Database Backup<\/span> (por si hay que restaurar el blog debido a una desgracia).<\/p>\n<h3>\u00bfQu\u00e9 procedimientos de violaci\u00f3n de datos tenemos en marcha?<\/h3>\n<p>Ninguno, de momento no ha sido necesario.<\/p>\n<h3>\u00bfDe qu\u00e9 terceros recibimos datos?<\/h3>\n<p>De nadie.<\/p>\n<h3>Qu\u00e9 toma de decisiones y\/o perfiles automatizados hacemos con los datos del usuario<\/h3>\n<p>Nada de nada.<\/p>\n","protected":false},"excerpt":{"rendered":"<p>\u00bfQui\u00e9n soy? Soy Gonzalo, y la direcci\u00f3n de este blog es: http:\/\/webposible.com\/xposible. Qu\u00e9 informaci\u00f3n personal se recoge y por qu\u00e9 Comentarios Si alguien deja un comentario, queda constancia de su direcci\u00f3n IP y el agente de usuario del navegador usado en ese momento. Se usan para evitar spam. \u00bfCon qui\u00e9n se comparten los datos? Con [&hellip;]<\/p>\n","protected":false},"author":2,"featured_media":0,"parent":0,"menu_order":0,"comment_status":"closed","ping_status":"closed","template":"","meta":[],"_links":{"self":[{"href":"http:\/\/webposible.com\/xposible\/wp-json\/wp\/v2\/pages\/455"}],"collection":[{"href":"http:\/\/webposible.com\/xposible\/wp-json\/wp\/v2\/pages"}],"about":[{"href":"http:\/\/webposible.com\/xposible\/wp-json\/wp\/v2\/types\/page"}],"author":[{"embeddable":true,"href":"http:\/\/webposible.com\/xposible\/wp-json\/wp\/v2\/users\/2"}],"replies":[{"embeddable":true,"href":"http:\/\/webposible.com\/xposible\/wp-json\/wp\/v2\/comments?post=455"}],"version-history":[{"count":3,"href":"http:\/\/webposible.com\/xposible\/wp-json\/wp\/v2\/pages\/455\/revisions"}],"predecessor-version":[{"id":708,"href":"http:\/\/webposible.com\/xposible\/wp-json\/wp\/v2\/pages\/455\/revisions\/708"}],"wp:attachment":[{"href":"http:\/\/webposible.com\/xposible\/wp-json\/wp\/v2\/media?parent=455"}],"curies":[{"name":"wp","href":"https:\/\/api.w.org\/{rel}","templated":true}]}}